{"id":719,"date":"2022-02-15T15:14:42","date_gmt":"2022-02-15T15:14:42","guid":{"rendered":"https:\/\/www.sentierdescaps.com\/?page_id=719"},"modified":"2025-08-27T14:22:39","modified_gmt":"2025-08-27T14:22:39","slug":"traversees-completes-51-km","status":"publish","type":"page","link":"https:\/\/www.sentierdescaps.com\/en\/activites\/randonnees\/traversees-completes-51-km\/","title":{"rendered":"Complete 51 km Crossings"},"content":{"rendered":"<div data-elementor-type=\"wp-page\" data-elementor-id=\"719\" class=\"elementor elementor-719\" data-elementor-post-type=\"page\">\n\t\t\t\t\t\t<section class=\"elementor-section elementor-top-section elementor-element elementor-element-6252370 elementor-section-boxed elementor-section-height-default elementor-section-height-default\" data-id=\"6252370\" data-element_type=\"section\">\n\t\t\t\t\t\t<div class=\"elementor-container elementor-column-gap-default\">\n\t\t\t\t\t<div class=\"elementor-column elementor-col-100 elementor-top-column elementor-element elementor-element-df8f79c\" data-id=\"df8f79c\" data-element_type=\"column\">\n\t\t\t<div class=\"elementor-widget-wrap elementor-element-populated\">\n\t\t\t\t\t\t<div class=\"elementor-element elementor-element-1989de4 elementor-widget elementor-widget-heading\" data-id=\"1989de4\" data-element_type=\"widget\" data-widget_type=\"heading.default\">\n\t\t\t\t<div class=\"elementor-widget-container\">\n\t\t\t<style>\/*! elementor - v3.19.0 - 07-02-2024 *\/\n.elementor-heading-title{padding:0;margin:0;line-height:1}.elementor-widget-heading .elementor-heading-title[class*=elementor-size-]>a{color:inherit;font-size:inherit;line-height:inherit}.elementor-widget-heading .elementor-heading-title.elementor-size-small{font-size:15px}.elementor-widget-heading .elementor-heading-title.elementor-size-medium{font-size:19px}.elementor-widget-heading .elementor-heading-title.elementor-size-large{font-size:29px}.elementor-widget-heading .elementor-heading-title.elementor-size-xl{font-size:39px}.elementor-widget-heading .elementor-heading-title.elementor-size-xxl{font-size:59px}<\/style><h2 class=\"elementor-heading-title elementor-size-default\">Complete 51 km Crossings<\/h2>\t\t<\/div>\n\t\t\t\t<\/div>\n\t\t\t\t\t<\/div>\n\t\t<\/div>\n\t\t\t\t\t<\/div>\n\t\t<\/section>\n\t\t\t\t<section class=\"elementor-section elementor-top-section elementor-element elementor-element-2836811 elementor-section-boxed elementor-section-height-default elementor-section-height-default\" data-id=\"2836811\" data-element_type=\"section\">\n\t\t\t\t\t\t<div class=\"elementor-container elementor-column-gap-default\">\n\t\t\t\t\t<div class=\"elementor-column elementor-col-100 elementor-top-column elementor-element elementor-element-361fdbf\" data-id=\"361fdbf\" data-element_type=\"column\">\n\t\t\t<div class=\"elementor-widget-wrap elementor-element-populated\">\n\t\t\t\t\t\t<div class=\"elementor-element elementor-element-4eed4bc elementor-widget elementor-widget-text-editor\" data-id=\"4eed4bc\" data-element_type=\"widget\" data-widget_type=\"text-editor.default\">\n\t\t\t\t<div class=\"elementor-widget-container\">\n\t\t\t<style>\/*! elementor - v3.19.0 - 07-02-2024 *\/\n.elementor-widget-text-editor.elementor-drop-cap-view-stacked .elementor-drop-cap{background-color:#69727d;color:#fff}.elementor-widget-text-editor.elementor-drop-cap-view-framed .elementor-drop-cap{color:#69727d;border:3px solid;background-color:transparent}.elementor-widget-text-editor:not(.elementor-drop-cap-view-default) .elementor-drop-cap{margin-top:8px}.elementor-widget-text-editor:not(.elementor-drop-cap-view-default) .elementor-drop-cap-letter{width:1em;height:1em}.elementor-widget-text-editor .elementor-drop-cap{float:left;text-align:center;line-height:1;font-size:50px}.elementor-widget-text-editor .elementor-drop-cap-letter{display:inline-block}<\/style>\t\t\t\t<p><strong><a href=\"#6jours\">6 days<\/a> \/ <a href=\"#5jours\">5 days<\/a> \/ <a href=\"#4jours\">4 days<\/a><\/strong><\/p>\t\t\t\t\t\t<\/div>\n\t\t\t\t<\/div>\n\t\t\t\t<div class=\"elementor-element elementor-element-551e7e2 elementor-widget elementor-widget-text-editor\" data-id=\"551e7e2\" data-element_type=\"widget\" data-widget_type=\"text-editor.default\">\n\t\t\t\t<div class=\"elementor-widget-container\">\n\t\t\t\t\t\t\t<p><strong>*Important note*<\/strong><\/p><p>A fee of $5.00 per person aged 13 years and older is required to access the Cap Tourmente National Wildlife Area.<\/p><p>Your car cannot remain at the Wildlife Reserve after 5:00 PM. If you plan to transport your vehicle out yourself, it is important to take this information into account. We can offer a vehicle relocation service except for departures or arrivals at Cap Tourmente on Sundays.<\/p><p>The opening period for departure via Cime trail to Cap Tourmente will begin on June 6, 2025, and will end on November 2, 2025. After this date, all departures will be from Saint-Tite-des-Caps.<\/p><p>No departures at the Wildlife Reserve will be done after 3:30 PM.<\/p>\t\t\t\t\t\t<\/div>\n\t\t\t\t<\/div>\n\t\t\t\t<div class=\"elementor-element elementor-element-e039074 elementor-widget elementor-widget-menu-anchor\" data-id=\"e039074\" data-element_type=\"widget\" data-widget_type=\"menu-anchor.default\">\n\t\t\t\t<div class=\"elementor-widget-container\">\n\t\t\t<style>\/*! elementor - v3.19.0 - 07-02-2024 *\/\nbody.elementor-page .elementor-widget-menu-anchor{margin-bottom:0}<\/style>\t\t<div id=\"6jours\" class=\"elementor-menu-anchor\"><\/div>\n\t\t\t\t<\/div>\n\t\t\t\t<\/div>\n\t\t\t\t<div class=\"elementor-element elementor-element-6cb3e07 elementor-widget elementor-widget-heading\" data-id=\"6cb3e07\" data-element_type=\"widget\" data-widget_type=\"heading.default\">\n\t\t\t\t<div class=\"elementor-widget-container\">\n\t\t\t<h4 class=\"elementor-heading-title elementor-size-default\">6 days<\/h4>\t\t<\/div>\n\t\t\t\t<\/div>\n\t\t\t\t<div class=\"elementor-element elementor-element-cae98f9 elementor-widget elementor-widget-heading\" data-id=\"cae98f9\" data-element_type=\"widget\" data-widget_type=\"heading.default\">\n\t\t\t\t<div class=\"elementor-widget-container\">\n\t\t\t<h5 class=\"elementor-heading-title elementor-size-default\">Cap Tourmente National Wildlife Area (Saint-Joachim) to Petite-Rivi\u00e8re-Saint-Fran\u00e7ois<\/h5>\t\t<\/div>\n\t\t\t\t<\/div>\n\t\t\t\t<div class=\"elementor-element elementor-element-c1a8025 elementor-widget elementor-widget-menu-anchor\" data-id=\"c1a8025\" data-element_type=\"widget\" data-widget_type=\"menu-anchor.default\">\n\t\t\t\t<div class=\"elementor-widget-container\">\n\t\t\t\t\t<div class=\"elementor-menu-anchor\"><\/div>\n\t\t\t\t<\/div>\n\t\t\t\t<\/div>\n\t\t\t\t\t<\/div>\n\t\t<\/div>\n\t\t\t\t\t<\/div>\n\t\t<\/section>\n\t\t\t\t<section class=\"elementor-section elementor-top-section elementor-element elementor-element-80f90d9 elementor-section-boxed elementor-section-height-default elementor-section-height-default\" data-id=\"80f90d9\" data-element_type=\"section\">\n\t\t\t\t\t\t<div class=\"elementor-container elementor-column-gap-default\">\n\t\t\t\t\t<div class=\"elementor-column elementor-col-100 elementor-top-column elementor-element elementor-element-ff37f36\" data-id=\"ff37f36\" data-element_type=\"column\">\n\t\t\t<div class=\"elementor-widget-wrap elementor-element-populated\">\n\t\t\t\t\t\t<div class=\"elementor-element elementor-element-9b8f5f4 elementor-widget elementor-widget-heading\" data-id=\"9b8f5f4\" data-element_type=\"widget\" data-widget_type=\"heading.default\">\n\t\t\t\t<div class=\"elementor-widget-container\">\n\t\t\t<h3 class=\"elementor-heading-title elementor-size-default\">A<\/h3>\t\t<\/div>\n\t\t\t\t<\/div>\n\t\t\t\t<div class=\"elementor-element elementor-element-9e2687a elementor-widget elementor-widget-text-editor\" data-id=\"9e2687a\" data-element_type=\"widget\" data-widget_type=\"text-editor.default\">\n\t\t\t\t<div class=\"elementor-widget-container\">\n\t\t\t\t\t\t\t<p><strong>Day 1<\/strong><\/p><p>Departure: Cap Tourmente National Wildlife Area (Saint-Joachim)<br \/>Sleep: La Faille in shelter or camping<br \/>Distance traveled: 7.4 km<br \/>Time: 3 to 4 hours<\/p><p><strong>Day 2<\/strong><\/p><p class=\"translation-block\">Sleep: Cap Gribane in shelter or camping\n<br>Distance traveled: 9.2 km<br>Time: 4 to 6 hours<\/p><p><strong>Day 3<\/strong><\/p><p>Sleep: Anse-aux-Vaches in shelter or camping<br \/>Distance traveled: 7.7 km<br \/>Time: 4 to 6 hours<\/p><p><strong>Day 4<\/strong><\/p><p>Sleep: Cap du Salut in shelter or camping<br \/>Distance traveled: 6 km<br \/>Time: 3 to 5 hours<\/p><p><strong>Day 5<\/strong><\/p><p>Sleep: Abattis in shelter or camping\u00a0<br \/>Distance traveled: 6.9 km<br \/>Time: 3 to 5 hours<\/p><p><strong>Day 6<\/strong><\/p><p>Arrival: Domaine Liguori to Petite-Rivi\u00e8re-Saint-Fran\u00e7ois village<br \/>Distance traveled: 13.3 km<br \/>Time: 5 to 6 hours<\/p>\t\t\t\t\t\t<\/div>\n\t\t\t\t<\/div>\n\t\t\t\t<div class=\"elementor-element elementor-element-3fe744a elementor-widget elementor-widget-heading\" data-id=\"3fe744a\" data-element_type=\"widget\" data-widget_type=\"heading.default\">\n\t\t\t\t<div class=\"elementor-widget-container\">\n\t\t\t<h3 class=\"elementor-heading-title elementor-size-default\">B<\/h3>\t\t<\/div>\n\t\t\t\t<\/div>\n\t\t\t\t<div class=\"elementor-element elementor-element-aee4187 elementor-widget elementor-widget-text-editor\" data-id=\"aee4187\" data-element_type=\"widget\" data-widget_type=\"text-editor.default\">\n\t\t\t\t<div class=\"elementor-widget-container\">\n\t\t\t\t\t\t\t<p><strong>Day 1<\/strong><\/p><p>Departure: Cap Tourmente National Wildlife Area (Saint-Joachim)<br \/>Sleep: La Faille in shelter or camping<br \/>Distance traveled: 7.4 km<br \/>Time: 3 to 4 hours<\/p><p><strong>Day 2<\/strong><\/p><p class=\"translation-block\">Sleep: Cap Gribane in shelter or camping\n<br>Distance traveled: 9.2 km<br>Time: 4 to 6 hours<\/p><p><strong>Day 3<\/strong><\/p><p>Sleep: Cap du Salut in shelter or camping<br \/>Distance traveled: 13.7 km<br \/>Time: 6 to 8 hours<\/p><p><strong>Day 4<\/strong><\/p><p>Sleep: Abattis in shelter or camping<br \/>Distance traveled: 6.9 km<br \/>Time: 2 to 3 hours<\/p><p><strong>Day 5<\/strong><\/p><p class=\"translation-block\">Sleep: La Grande Vue in shelter or camping<br>Distance traveled: 7.3 km<br>Time: 2 to 3 hours<\/p><p><strong>Day 6<\/strong><\/p><p>Arrival: Domaine Liguori to Petite-Rivi\u00e8re-Saint-Fran\u00e7ois village<br \/>Distance traveled: 6 km<br \/>Time: 2.5 to 3 hours<\/p>\t\t\t\t\t\t<\/div>\n\t\t\t\t<\/div>\n\t\t\t\t<div class=\"elementor-element elementor-element-b64e1ba elementor-align-center elementor-widget elementor-widget-button\" data-id=\"b64e1ba\" data-element_type=\"widget\" data-widget_type=\"button.default\">\n\t\t\t\t<div class=\"elementor-widget-container\">\n\t\t\t\t\t<div class=\"elementor-button-wrapper\">\n\t\t\t<a class=\"elementor-button elementor-button-link elementor-size-sm\" href=\"https:\/\/www.sentierdescaps.com\/wp-content\/uploads\/2024\/12\/cap-tourmente-abbatis-prsf-alice-scaled.jpg\" target=\"_blank\">\n\t\t\t\t\t\t<span class=\"elementor-button-content-wrapper\">\n\t\t\t\t\t\t<span class=\"elementor-button-text\">See full map<\/span>\n\t\t<\/span>\n\t\t\t\t\t<\/a>\n\t\t<\/div>\n\t\t\t\t<\/div>\n\t\t\t\t<\/div>\n\t\t\t\t\t<\/div>\n\t\t<\/div>\n\t\t\t\t\t<\/div>\n\t\t<\/section>\n\t\t\t\t<section class=\"elementor-section elementor-top-section elementor-element elementor-element-4859d2a elementor-section-boxed elementor-section-height-default elementor-section-height-default\" data-id=\"4859d2a\" data-element_type=\"section\">\n\t\t\t\t\t\t<div class=\"elementor-container elementor-column-gap-default\">\n\t\t\t\t\t<div class=\"elementor-column elementor-col-100 elementor-top-column elementor-element elementor-element-db9a138\" data-id=\"db9a138\" data-element_type=\"column\">\n\t\t\t<div class=\"elementor-widget-wrap elementor-element-populated\">\n\t\t\t\t\t\t<div class=\"elementor-element elementor-element-1307b6f elementor-widget elementor-widget-spacer\" data-id=\"1307b6f\" data-element_type=\"widget\" data-widget_type=\"spacer.default\">\n\t\t\t\t<div class=\"elementor-widget-container\">\n\t\t\t<style>\/*! elementor - v3.19.0 - 07-02-2024 *\/\n.elementor-column .elementor-spacer-inner{height:var(--spacer-size)}.e-con{--container-widget-width:100%}.e-con-inner>.elementor-widget-spacer,.e-con>.elementor-widget-spacer{width:var(--container-widget-width,var(--spacer-size));--align-self:var(--container-widget-align-self,initial);--flex-shrink:0}.e-con-inner>.elementor-widget-spacer>.elementor-widget-container,.e-con>.elementor-widget-spacer>.elementor-widget-container{height:100%;width:100%}.e-con-inner>.elementor-widget-spacer>.elementor-widget-container>.elementor-spacer,.e-con>.elementor-widget-spacer>.elementor-widget-container>.elementor-spacer{height:100%}.e-con-inner>.elementor-widget-spacer>.elementor-widget-container>.elementor-spacer>.elementor-spacer-inner,.e-con>.elementor-widget-spacer>.elementor-widget-container>.elementor-spacer>.elementor-spacer-inner{height:var(--container-widget-height,var(--spacer-size))}.e-con-inner>.elementor-widget-spacer.elementor-widget-empty,.e-con>.elementor-widget-spacer.elementor-widget-empty{position:relative;min-height:22px;min-width:22px}.e-con-inner>.elementor-widget-spacer.elementor-widget-empty .elementor-widget-empty-icon,.e-con>.elementor-widget-spacer.elementor-widget-empty .elementor-widget-empty-icon{position:absolute;top:0;bottom:0;left:0;right:0;margin:auto;padding:0;width:22px;height:22px}<\/style>\t\t<div class=\"elementor-spacer\">\n\t\t\t<div class=\"elementor-spacer-inner\"><\/div>\n\t\t<\/div>\n\t\t\t\t<\/div>\n\t\t\t\t<\/div>\n\t\t\t\t<div class=\"elementor-element elementor-element-d60c386 elementor-widget elementor-widget-menu-anchor\" data-id=\"d60c386\" data-element_type=\"widget\" data-widget_type=\"menu-anchor.default\">\n\t\t\t\t<div class=\"elementor-widget-container\">\n\t\t\t\t\t<div id=\"5jours\" class=\"elementor-menu-anchor\"><\/div>\n\t\t\t\t<\/div>\n\t\t\t\t<\/div>\n\t\t\t\t<div class=\"elementor-element elementor-element-fecce98 elementor-widget elementor-widget-heading\" data-id=\"fecce98\" data-element_type=\"widget\" data-widget_type=\"heading.default\">\n\t\t\t\t<div class=\"elementor-widget-container\">\n\t\t\t<h4 class=\"elementor-heading-title elementor-size-default\">5 days<\/h4>\t\t<\/div>\n\t\t\t\t<\/div>\n\t\t\t\t<div class=\"elementor-element elementor-element-463d8fa elementor-widget elementor-widget-heading\" data-id=\"463d8fa\" data-element_type=\"widget\" data-widget_type=\"heading.default\">\n\t\t\t\t<div class=\"elementor-widget-container\">\n\t\t\t<h5 class=\"elementor-heading-title elementor-size-default\">Cap Tourmente National Wildlife Area (Saint-Joachim) to Petite-Rivi\u00e8re-Saint-Fran\u00e7ois<\/h5>\t\t<\/div>\n\t\t\t\t<\/div>\n\t\t\t\t\t<\/div>\n\t\t<\/div>\n\t\t\t\t\t<\/div>\n\t\t<\/section>\n\t\t\t\t<section class=\"elementor-section elementor-top-section elementor-element elementor-element-a3952b9 elementor-section-boxed elementor-section-height-default elementor-section-height-default\" data-id=\"a3952b9\" data-element_type=\"section\">\n\t\t\t\t\t\t<div class=\"elementor-container elementor-column-gap-default\">\n\t\t\t\t\t<div class=\"elementor-column elementor-col-100 elementor-top-column elementor-element elementor-element-7693475\" data-id=\"7693475\" data-element_type=\"column\">\n\t\t\t<div class=\"elementor-widget-wrap elementor-element-populated\">\n\t\t\t\t\t\t<div class=\"elementor-element elementor-element-aeb517d elementor-widget elementor-widget-text-editor\" data-id=\"aeb517d\" data-element_type=\"widget\" data-widget_type=\"text-editor.default\">\n\t\t\t\t<div class=\"elementor-widget-container\">\n\t\t\t\t\t\t\t<p><strong>Day 1<\/strong><\/p><p>Departure: Cap Tourmente National Wildlife Area (Saint-Joachim)<br \/>Sleep: La Faille in shelter or camping<br \/>Distance traveled: 7.4 km<br \/>Time: 3 to 4 hours<\/p><p><strong>Day 2<\/strong><\/p><p class=\"translation-block\">Sleep: Cap Gribane in shelter or camping\n<br>Distance traveled: 9.2 km<br>Time: 4 to 6 hours<\/p><p><strong>Day 3<\/strong><\/p><p>Sleep: Cap du Salut in shelter or camping<br \/>Distance traveled: 13.7 km<br \/>Time: 6 to 8 hours<\/p><p><strong>Day 4<\/strong><\/p><p>Sleep: Abattis in shelter or camping<br \/>Distance traveled: 6.9 km<br \/>Time: 2 to 3 hours<\/p><p><strong>Day 5<\/strong><\/p><p>Arrival: Domaine Liguori to Petite-Rivi\u00e8re-Saint-Fran\u00e7ois village<br \/>Distance traveled: 13.3 km<br \/>Time: 5 to 6 hours<\/p>\t\t\t\t\t\t<\/div>\n\t\t\t\t<\/div>\n\t\t\t\t<div class=\"elementor-element elementor-element-82006d6 elementor-align-center elementor-widget elementor-widget-button\" data-id=\"82006d6\" data-element_type=\"widget\" data-widget_type=\"button.default\">\n\t\t\t\t<div class=\"elementor-widget-container\">\n\t\t\t\t\t<div class=\"elementor-button-wrapper\">\n\t\t\t<a class=\"elementor-button elementor-button-link elementor-size-sm\" href=\"https:\/\/www.sentierdescaps.com\/wp-content\/uploads\/2024\/03\/Cap-Tourmente-a-Domaine-Liguori.jpg\" target=\"_blank\">\n\t\t\t\t\t\t<span class=\"elementor-button-content-wrapper\">\n\t\t\t\t\t\t<span class=\"elementor-button-text\">See full map<\/span>\n\t\t<\/span>\n\t\t\t\t\t<\/a>\n\t\t<\/div>\n\t\t\t\t<\/div>\n\t\t\t\t<\/div>\n\t\t\t\t\t<\/div>\n\t\t<\/div>\n\t\t\t\t\t<\/div>\n\t\t<\/section>\n\t\t\t\t<section class=\"elementor-section elementor-top-section elementor-element elementor-element-586fa85 elementor-section-boxed elementor-section-height-default elementor-section-height-default\" data-id=\"586fa85\" data-element_type=\"section\">\n\t\t\t\t\t\t<div class=\"elementor-container elementor-column-gap-default\">\n\t\t\t\t\t<div class=\"elementor-column elementor-col-100 elementor-top-column elementor-element elementor-element-3b9e99c\" data-id=\"3b9e99c\" data-element_type=\"column\">\n\t\t\t<div class=\"elementor-widget-wrap elementor-element-populated\">\n\t\t\t\t\t\t<div class=\"elementor-element elementor-element-59fd609 elementor-widget elementor-widget-spacer\" data-id=\"59fd609\" data-element_type=\"widget\" data-widget_type=\"spacer.default\">\n\t\t\t\t<div class=\"elementor-widget-container\">\n\t\t\t\t\t<div class=\"elementor-spacer\">\n\t\t\t<div class=\"elementor-spacer-inner\"><\/div>\n\t\t<\/div>\n\t\t\t\t<\/div>\n\t\t\t\t<\/div>\n\t\t\t\t<div class=\"elementor-element elementor-element-fc892b0 elementor-widget elementor-widget-menu-anchor\" data-id=\"fc892b0\" data-element_type=\"widget\" data-widget_type=\"menu-anchor.default\">\n\t\t\t\t<div class=\"elementor-widget-container\">\n\t\t\t\t\t<div id=\"4jours\" class=\"elementor-menu-anchor\"><\/div>\n\t\t\t\t<\/div>\n\t\t\t\t<\/div>\n\t\t\t\t<div class=\"elementor-element elementor-element-f1c92e3 elementor-widget elementor-widget-heading\" data-id=\"f1c92e3\" data-element_type=\"widget\" data-widget_type=\"heading.default\">\n\t\t\t\t<div class=\"elementor-widget-container\">\n\t\t\t<h4 class=\"elementor-heading-title elementor-size-default\">4 days<\/h4>\t\t<\/div>\n\t\t\t\t<\/div>\n\t\t\t\t<div class=\"elementor-element elementor-element-e4f8740 elementor-widget elementor-widget-heading\" data-id=\"e4f8740\" data-element_type=\"widget\" data-widget_type=\"heading.default\">\n\t\t\t\t<div class=\"elementor-widget-container\">\n\t\t\t<h5 class=\"elementor-heading-title elementor-size-default\">Cap Tourmente National Wildlife Area (Saint-Joachim) to Petite-Rivi\u00e8re-Saint-Fran\u00e7ois<\/h5>\t\t<\/div>\n\t\t\t\t<\/div>\n\t\t\t\t\t<\/div>\n\t\t<\/div>\n\t\t\t\t\t<\/div>\n\t\t<\/section>\n\t\t\t\t<section class=\"elementor-section elementor-top-section elementor-element elementor-element-f62c07e elementor-section-boxed elementor-section-height-default elementor-section-height-default\" data-id=\"f62c07e\" data-element_type=\"section\">\n\t\t\t\t\t\t<div class=\"elementor-container elementor-column-gap-default\">\n\t\t\t\t\t<div class=\"elementor-column elementor-col-100 elementor-top-column elementor-element elementor-element-dcfc140\" data-id=\"dcfc140\" data-element_type=\"column\">\n\t\t\t<div class=\"elementor-widget-wrap elementor-element-populated\">\n\t\t\t\t\t\t<div class=\"elementor-element elementor-element-fe97ac5 elementor-widget elementor-widget-heading\" data-id=\"fe97ac5\" data-element_type=\"widget\" data-widget_type=\"heading.default\">\n\t\t\t\t<div class=\"elementor-widget-container\">\n\t\t\t<h3 class=\"elementor-heading-title elementor-size-default\">A<\/h3>\t\t<\/div>\n\t\t\t\t<\/div>\n\t\t\t\t<div class=\"elementor-element elementor-element-b92317f elementor-widget elementor-widget-text-editor\" data-id=\"b92317f\" data-element_type=\"widget\" data-widget_type=\"text-editor.default\">\n\t\t\t\t<div class=\"elementor-widget-container\">\n\t\t\t\t\t\t\t<p><strong>Day 1<\/strong><\/p><p>Departure: Cap Tourmente National Wildlife Area (Saint-Joachim)<br \/>Sleep: Kelso (Saint-Tite Lake) or Petit Lac in shelter or camping<br \/>Distance traveled: 10.2 km<br \/>Time: 4 to 5 hours<\/p><p><strong>Day 2<\/strong><\/p><p>Sleep: Anse-aux-Vaches in shelter or camping<br \/>Distance traveled: 14.1 km<br \/>Time: 6 to 8 hours<\/p><p><strong>Day 3<\/strong><\/p><p>Sleep: Abattis in shelter or camping<br \/>Distance traveled: 12.9 km<br \/>Time: 6 to 7 hours<\/p><p><strong>Day 4<\/strong><\/p><p>Arrival: Domaine Liguori to Petite-Rivi\u00e8re-Saint-Fran\u00e7ois village<br \/>Distance traveled: 13.3 km<br \/>Time: 5 to 6 hours<\/p>\t\t\t\t\t\t<\/div>\n\t\t\t\t<\/div>\n\t\t\t\t<div class=\"elementor-element elementor-element-3a73316 elementor-widget elementor-widget-heading\" data-id=\"3a73316\" data-element_type=\"widget\" data-widget_type=\"heading.default\">\n\t\t\t\t<div class=\"elementor-widget-container\">\n\t\t\t<h3 class=\"elementor-heading-title elementor-size-default\">B<\/h3>\t\t<\/div>\n\t\t\t\t<\/div>\n\t\t\t\t<div class=\"elementor-element elementor-element-fb4121a elementor-widget elementor-widget-text-editor\" data-id=\"fb4121a\" data-element_type=\"widget\" data-widget_type=\"text-editor.default\">\n\t\t\t\t<div class=\"elementor-widget-container\">\n\t\t\t\t\t\t\t<p><strong>Day 1<\/strong><\/p><p>Departure: Cap Tourmente National Wildlife Area (Saint-Joachim)<br \/>Sleep: La Faille in shelter or camping<br \/>Distance traveled: 7.4 km<br \/>Time: 3 to 4 hours<\/p><p><strong>Day 2<\/strong><\/p><p>Sleep: Anse-aux-Vaches in shelter or camping<br \/>Distance traveled: 16.9 km<br \/>Time: 7 to 8 hours<\/p><p><strong>Day 3<\/strong><\/p><p>Sleep: Abattis in shelter or camping<br \/>Distance traveled: 12.9 km<br \/>Time: 6 to 7 hours<\/p><p><strong>Day 4<\/strong><\/p><p>Arrival: Domaine Liguori to Petite-Rivi\u00e8re-Saint-Fran\u00e7ois village<br \/>Distance traveled: 13.3 km<br \/>Time: 5 to 6 hours<\/p>\t\t\t\t\t\t<\/div>\n\t\t\t\t<\/div>\n\t\t\t\t<div class=\"elementor-element elementor-element-c3f7421 elementor-widget elementor-widget-heading\" data-id=\"c3f7421\" data-element_type=\"widget\" data-widget_type=\"heading.default\">\n\t\t\t\t<div class=\"elementor-widget-container\">\n\t\t\t<h3 class=\"elementor-heading-title elementor-size-default\">C<\/h3>\t\t<\/div>\n\t\t\t\t<\/div>\n\t\t\t\t<div class=\"elementor-element elementor-element-cf402fc elementor-widget elementor-widget-text-editor\" data-id=\"cf402fc\" data-element_type=\"widget\" data-widget_type=\"text-editor.default\">\n\t\t\t\t<div class=\"elementor-widget-container\">\n\t\t\t\t\t\t\t<p><strong>Day 1<\/strong><\/p><p>Departure: Cap Tourmente National Wildlife Area (Saint-Joachim)<br \/>Sleep: La Faille in shelter or camping<br \/>Distance traveled: 7.4 km<br \/>Time: 3 to 4 hours<\/p><p><strong>Day 2<\/strong><\/p><p class=\"translation-block\">Sleep: Cap Gribane in shelter or camping\n<br>Distance traveled: 9.2 km<br>Time: 4 to 6 hours<\/p><p><strong>Day 3<\/strong><\/p><p>Sleep: Cap du Salut in shelter or camping<br \/>Distance traveled: 13.7 km<br \/>Time: 6 to 8 hours<\/p><p><strong>Day 4<\/strong><\/p><p>Arrival: Domaine Liguori to Petite-Rivi\u00e8re-Saint-Fran\u00e7ois village<br \/>Distance traveled: 20.2 km<br \/>Time: 8 to 8.5 hours<\/p>\t\t\t\t\t\t<\/div>\n\t\t\t\t<\/div>\n\t\t\t\t<div class=\"elementor-element elementor-element-d315f24 elementor-align-center elementor-widget elementor-widget-button\" data-id=\"d315f24\" data-element_type=\"widget\" data-widget_type=\"button.default\">\n\t\t\t\t<div class=\"elementor-widget-container\">\n\t\t\t\t\t<div class=\"elementor-button-wrapper\">\n\t\t\t<a class=\"elementor-button elementor-button-link elementor-size-sm\" href=\"https:\/\/www.sentierdescaps.com\/wp-content\/uploads\/2024\/03\/Cap-Tourmente-a-Domaine-Liguori.jpg\" target=\"_blank\">\n\t\t\t\t\t\t<span class=\"elementor-button-content-wrapper\">\n\t\t\t\t\t\t<span class=\"elementor-button-text\">See full map<\/span>\n\t\t<\/span>\n\t\t\t\t\t<\/a>\n\t\t<\/div>\n\t\t\t\t<\/div>\n\t\t\t\t<\/div>\n\t\t\t\t\t<\/div>\n\t\t<\/div>\n\t\t\t\t\t<\/div>\n\t\t<\/section>\n\t\t\t\t<\/div>","protected":false},"excerpt":{"rendered":"<p>Travers\u00e9es compl\u00e8tes 51 km 6 jours \/ 5 jours \/ 4 jours *Note importante* Il faut pr\u00e9voir 5.00$ par personne \u00e2g\u00e9e de 13 ans et plus pour acquitter les droits d\u2019acc\u00e8s exig\u00e9s \u00e0 la r\u00e9serve nationale de faune du cap Tourmente. Votre voiture ne peut demeurer sur la R\u00e9serve de faune apr\u00e8s 17 heures. Si [&hellip;]<\/p>","protected":false},"author":1,"featured_media":0,"parent":241,"menu_order":0,"comment_status":"closed","ping_status":"closed","template":"elementor_header_footer","meta":{"footnotes":""},"_links":{"self":[{"href":"https:\/\/www.sentierdescaps.com\/en\/wp-json\/wp\/v2\/pages\/719"}],"collection":[{"href":"https:\/\/www.sentierdescaps.com\/en\/wp-json\/wp\/v2\/pages"}],"about":[{"href":"https:\/\/www.sentierdescaps.com\/en\/wp-json\/wp\/v2\/types\/page"}],"author":[{"embeddable":true,"href":"https:\/\/www.sentierdescaps.com\/en\/wp-json\/wp\/v2\/users\/1"}],"replies":[{"embeddable":true,"href":"https:\/\/www.sentierdescaps.com\/en\/wp-json\/wp\/v2\/comments?post=719"}],"version-history":[{"count":149,"href":"https:\/\/www.sentierdescaps.com\/en\/wp-json\/wp\/v2\/pages\/719\/revisions"}],"predecessor-version":[{"id":9466,"href":"https:\/\/www.sentierdescaps.com\/en\/wp-json\/wp\/v2\/pages\/719\/revisions\/9466"}],"up":[{"embeddable":true,"href":"https:\/\/www.sentierdescaps.com\/en\/wp-json\/wp\/v2\/pages\/241"}],"wp:attachment":[{"href":"https:\/\/www.sentierdescaps.com\/en\/wp-json\/wp\/v2\/media?parent=719"}],"curies":[{"name":"wp","href":"https:\/\/api.w.org\/{rel}","templated":true}]}}