{"id":2976,"date":"2022-10-13T19:06:17","date_gmt":"2022-10-13T19:06:17","guid":{"rendered":"https:\/\/www.sentierdescaps.com\/?page_id=2976"},"modified":"2023-03-01T14:20:23","modified_gmt":"2023-03-01T14:20:23","slug":"sentiers-ski-de-fond-longue-randonnees","status":"publish","type":"page","link":"https:\/\/www.sentierdescaps.com\/en\/sentiers-ski-de-fond-longue-randonnees\/","title":{"rendered":"Sentiers ski de fond longue randonn\u00e9es"},"content":{"rendered":"<div data-elementor-type=\"wp-page\" data-elementor-id=\"2976\" class=\"elementor elementor-2976\" data-elementor-post-type=\"page\">\n\t\t\t\t\t\t<section class=\"elementor-section elementor-top-section elementor-element elementor-element-599151a elementor-section-boxed elementor-section-height-default elementor-section-height-default\" data-id=\"599151a\" data-element_type=\"section\">\n\t\t\t\t\t\t<div class=\"elementor-container elementor-column-gap-default\">\n\t\t\t\t\t<div class=\"elementor-column elementor-col-100 elementor-top-column elementor-element elementor-element-b22721c\" data-id=\"b22721c\" data-element_type=\"column\">\n\t\t\t<div class=\"elementor-widget-wrap elementor-element-populated\">\n\t\t\t\t\t\t<div class=\"elementor-element elementor-element-481c82d elementor-widget elementor-widget-heading\" data-id=\"481c82d\" data-element_type=\"widget\" data-widget_type=\"heading.default\">\n\t\t\t\t<div class=\"elementor-widget-container\">\n\t\t\t<style>\/*! elementor - v3.19.0 - 07-02-2024 *\/\n.elementor-heading-title{padding:0;margin:0;line-height:1}.elementor-widget-heading .elementor-heading-title[class*=elementor-size-]>a{color:inherit;font-size:inherit;line-height:inherit}.elementor-widget-heading .elementor-heading-title.elementor-size-small{font-size:15px}.elementor-widget-heading .elementor-heading-title.elementor-size-medium{font-size:19px}.elementor-widget-heading .elementor-heading-title.elementor-size-large{font-size:29px}.elementor-widget-heading .elementor-heading-title.elementor-size-xl{font-size:39px}.elementor-widget-heading .elementor-heading-title.elementor-size-xxl{font-size:59px}<\/style><h2 class=\"elementor-heading-title elementor-size-default\">Sentiers ski de fond longue randonnees<\/h2>\t\t<\/div>\n\t\t\t\t<\/div>\n\t\t\t\t\t<\/div>\n\t\t<\/div>\n\t\t\t\t\t<\/div>\n\t\t<\/section>\n\t\t\t\t<section class=\"elementor-section elementor-top-section elementor-element elementor-element-7e42c59 elementor-section-boxed elementor-section-height-default elementor-section-height-default\" data-id=\"7e42c59\" data-element_type=\"section\">\n\t\t\t\t\t\t<div class=\"elementor-container elementor-column-gap-default\">\n\t\t\t\t\t<div class=\"elementor-column elementor-col-100 elementor-top-column elementor-element elementor-element-5f59661\" data-id=\"5f59661\" data-element_type=\"column\">\n\t\t\t<div class=\"elementor-widget-wrap elementor-element-populated\">\n\t\t\t\t\t\t<div class=\"elementor-element elementor-element-e1ea59b elementor-widget elementor-widget-text-editor\" data-id=\"e1ea59b\" data-element_type=\"widget\" data-widget_type=\"text-editor.default\">\n\t\t\t\t<div class=\"elementor-widget-container\">\n\t\t\t<style>\/*! elementor - v3.19.0 - 07-02-2024 *\/\n.elementor-widget-text-editor.elementor-drop-cap-view-stacked .elementor-drop-cap{background-color:#69727d;color:#fff}.elementor-widget-text-editor.elementor-drop-cap-view-framed .elementor-drop-cap{color:#69727d;border:3px solid;background-color:transparent}.elementor-widget-text-editor:not(.elementor-drop-cap-view-default) .elementor-drop-cap{margin-top:8px}.elementor-widget-text-editor:not(.elementor-drop-cap-view-default) .elementor-drop-cap-letter{width:1em;height:1em}.elementor-widget-text-editor .elementor-drop-cap{float:left;text-align:center;line-height:1;font-size:50px}.elementor-widget-text-editor .elementor-drop-cap-letter{display:inline-block}<\/style>\t\t\t\t<p><strong>Stationnement Accueil de Charlevoix, refuge Lac Gauthier, Abattis et La Grande-Vue(remplace Liguori)<\/strong><br \/>4 days<br \/>Day 1<\/p><p>Departure: Charlevoix Reception to summit of Le Massif<br \/>Coucher: Lac Gauthier en refuge<br \/>Distance parcourue :\u00a04 km<br \/>Dur\u00e9e:\u00a045 min \u00e0 1 heure<\/p><p>Day 2<\/p><p>Coucher :\u00a0Abattis en refuge<br \/>Distance parcourue :\u00a07.4 km<br \/>Dur\u00e9e:\u00a01h30 \u00e0 2 heures<\/p><p>Day 3<\/p><p>Coucher : La Grande-Vue en refuge<br \/>Distance parcourue :\u00a07.4 km<br \/>Dur\u00e9e:\u00a0\u00a01h30 \u00e0 2 heures<\/p><p>Day 4<\/p><p>Arrival: Charlevoix Reception to summit of Le Massif<br \/>Distance traveled: 3.3 km<br \/>Dur\u00e9e: .30 \u00e0 .45 minutes<br \/>Note: You can complete this route starting from either shelter.<\/p><p><strong>Stationnement\u00a0Accueil de Charlevoix, refuge<\/strong> <strong>Abattis et La Grande-Vue (remplace Liguori)<\/strong><br \/>3 days<br \/>Day 1<\/p><p>Departure: Charlevoix Reception to summit of Le Massif<br \/>Coucher : Abattis en refuge<br \/>Distance parcourue :\u00a06.3 km<br \/>Dur\u00e9e:\u00a0\u00a01 heure \u00e0 1h30<\/p><p>Day 2<\/p><p>Coucher : La Grande-Vue en refuge<br \/>Distance parcourue :\u00a07.4 km<br \/>Dur\u00e9e:\u00a0\u00a01h30 \u00e0 2 heures<\/p><p>Day 3<\/p><p>Arrival: Charlevoix Reception to summit of Le Massif<br \/>Distance traveled: 3.3 km<br \/>Dur\u00e9e:\u00a0.30 \u00e0 .45 minutes<\/p><p><strong>Stationnement\u00a0Accueil de Charlevoix, refuge\u00a0Lac Gauthier et Abattis<\/strong><br \/>3 days<br \/>Day 1<\/p><p>Departure: Charlevoix Reception to summit of Le Massif<br \/>Coucher: Lac Gauthier en refuge<br \/>Distance parcourue :\u00a04 km<br \/>Dur\u00e9e:\u00a0\u00a0.45 min \u00e0 1 heure<\/p><p>Day 2<\/p><p>Coucher : Abattis en refuge<br \/>Distance parcourue :\u00a07.4 km<br \/>Dur\u00e9e:\u00a0\u00a01h30 \u00e0 2 heures<\/p><p>Day 3<\/p><p>Arrival: Charlevoix Reception to summit of Le Massif<br \/>Distance parcourue : 6.2\u00a0km<br \/>Dur\u00e9e:\u00a01 heure \u00e0\u00a01h30<\/p><p><strong>Stationnement Accueil de Charlevoix, refuge Lac Gauthier et La Grande-Vue (remplace Liguori)<\/strong><br \/>3 days<br \/>Day 1<\/p><p>Departure: Charlevoix Reception to summit of Le Massif<br \/>Coucher: Lac Gauthier en refuge<br \/>Distance parcourue :\u00a04 km<br \/>Dur\u00e9e:\u00a0\u00a0.45 min \u00e0 1 heure<\/p><p>Day 2<\/p><p>Course A<br \/>Coucher : La Grande-Vue en refuge<br \/>Distance parcourue :\u00a010 km (en passant par le relais du Vieux Chemin)<br \/>Dur\u00e9e:\u00a0\u00a02h30 \u00e0 3 heures<\/p><p>Course B<br \/>Coucher : La Grande-Vue en refuge<br \/>Distance parcourue :\u00a014.8 km (en passant par le refuge Abattis)<br \/>Dur\u00e9e:\u00a0\u00a03 heures \u00e0 3h30Jour 3<\/p><p>Arrival: Charlevoix Reception to summit of Le Massif<br \/>Distance parcourue : 3.3\u00a0km<br \/>Dur\u00e9e:\u00a0.30 min. \u00e0\u00a0.45 minutes<\/p><p><strong>Note: on peut parcourir tous ces itin\u00e9raires en sens inverse ou selon les disponibilit\u00e9s. Il est aussi possible de dormir seulement une nuit en refuge avec deux jours de randonn\u00e9e. Vous pouvez v\u00e9rifier ces parcours avec la carte des sentiers dans la section\u00a0Activit\u00e9s, sentiers et refuges,\u00a0cartographie, carte secteur le Massif.<\/strong><\/p><p><strong>\u00a0<\/strong><\/p>\t\t\t\t\t\t<\/div>\n\t\t\t\t<\/div>\n\t\t\t\t\t<\/div>\n\t\t<\/div>\n\t\t\t\t\t<\/div>\n\t\t<\/section>\n\t\t\t\t<\/div>","protected":false},"excerpt":{"rendered":"<p>Sentiers ski de fond longue randonnees Stationnement Accueil de Charlevoix, refuge Lac Gauthier, Abattis et La Grande-Vue(remplace Liguori)4 joursJour 1 D\u00e9part : Accueil de Charlevoix au Sommet du MassifCoucher: Lac Gauthier en refugeDistance parcourue :\u00a04 kmDur\u00e9e:\u00a045 min \u00e0 1 heure Jour 2 Coucher :\u00a0Abattis en refugeDistance parcourue :\u00a07.4 kmDur\u00e9e:\u00a01h30 \u00e0 2 heures Jour 3 Coucher [&hellip;]<\/p>","protected":false},"author":1,"featured_media":0,"parent":0,"menu_order":0,"comment_status":"closed","ping_status":"closed","template":"elementor_header_footer","meta":{"footnotes":""},"_links":{"self":[{"href":"https:\/\/www.sentierdescaps.com\/en\/wp-json\/wp\/v2\/pages\/2976"}],"collection":[{"href":"https:\/\/www.sentierdescaps.com\/en\/wp-json\/wp\/v2\/pages"}],"about":[{"href":"https:\/\/www.sentierdescaps.com\/en\/wp-json\/wp\/v2\/types\/page"}],"author":[{"embeddable":true,"href":"https:\/\/www.sentierdescaps.com\/en\/wp-json\/wp\/v2\/users\/1"}],"replies":[{"embeddable":true,"href":"https:\/\/www.sentierdescaps.com\/en\/wp-json\/wp\/v2\/comments?post=2976"}],"version-history":[{"count":30,"href":"https:\/\/www.sentierdescaps.com\/en\/wp-json\/wp\/v2\/pages\/2976\/revisions"}],"predecessor-version":[{"id":4519,"href":"https:\/\/www.sentierdescaps.com\/en\/wp-json\/wp\/v2\/pages\/2976\/revisions\/4519"}],"wp:attachment":[{"href":"https:\/\/www.sentierdescaps.com\/en\/wp-json\/wp\/v2\/media?parent=2976"}],"curies":[{"name":"wp","href":"https:\/\/api.w.org\/{rel}","templated":true}]}}